{"id":366,"date":"2019-10-12T12:22:52","date_gmt":"2019-10-12T12:22:52","guid":{"rendered":"http:\/\/www.tahkonravintolat.fi\/?page_id=366"},"modified":"2026-02-02T12:09:06","modified_gmt":"2026-02-02T12:09:06","slug":"menu","status":"publish","type":"page","link":"https:\/\/www.tahkonravintolat.fi\/?page_id=366","title":{"rendered":"Valikoima"},"content":{"rendered":"<h3>Catering-palvelu<br \/>\nSyv\u00e4rin S\u00e4rvin<\/h3>\n<p>Pikkasen parempaa ruokaa ja palvelua,<br \/>\nrakkaudella yli 20 vuoden ajan<\/p>\n<p>044 5454 248<br \/>\ntilaukset@syvari.com<\/p>\n<p>Tahkonravintolat.fi<\/p>\n<p><strong>Menu 2026<\/strong><\/p>\n<p>\u2756 Aamupalat<br \/>\n\u2756 Keitot ja Laatikot<br \/>\n\u2756 Pastat ja Salaatit<br \/>\n\u2756 Kokouskahvit, Tuhdit suolaiset, Tuotevadit<br \/>\n\u2756 Illalliset<br \/>\n\u2756 Erikoisillalliset<br \/>\n\u2756 Nuotioillalliset<br \/>\n\u2756 H\u00e4\u00e4t, Festarit, Muistotilaisuudet<br \/>\n\u2756 Toimitusehdot<br \/>\n\u2756 Kalustoa vuokrattavana<\/p>\n<p><strong>Syv\u00e4rin S\u00e4rvin Menu<\/strong><\/p>\n<p><strong>AAMUPALAT<\/strong><\/p>\n<p><strong>Perusaamupala<\/strong><br \/>\nTuoreita s\u00e4mpyl\u00f6it\u00e4, ruisleip\u00e4\u00e4, meetvurstia, kinkkua,<br \/>\njuustoa, tomaattia, kurkkua, suolakurkkua, keitettyj\u00e4<br \/>\nkananmunia, jogurttia, maitoa, tuoremehua, hedelmi\u00e4.<br \/>\nKahvi ja tee (maito ja sokeri)<br \/>\n14,90<\/p>\n<p><strong>Ahdin aamupala<\/strong><br \/>\nTuoreita s\u00e4mpyl\u00f6it\u00e4, ruisleip\u00e4\u00e4, juustoa, meetvurstia,<br \/>\nkinkkua, tomaattia, kurkkua, suolakurkkua, keitettyj\u00e4<br \/>\nkananmunia, graavilohta, silli\u00e4, jogurttia, tuoremehua,<br \/>\nhedelmi\u00e4.<br \/>\nKahvi ja tee (maito ja sokeri)<br \/>\n18,90<\/p>\n<p><strong>Tuhti aamupala<\/strong><br \/>\nTuoreita s\u00e4mpyl\u00f6it\u00e4, ruisleip\u00e4\u00e4, karjalanpiirakoita, kinkkua, meetvurstia,<br \/>\npaahtopaistia, juustoa, tuorejuustoa,<br \/>\nmaksamakkaraa, tomaattia, kurkkua, suolakurkkua, keitettyj\u00e4<br \/>\nkananmunia, kylm\u00e4savulohta, silli\u00e4,<br \/>\ntuoremehua, hedelmi\u00e4, letut ja mansikkahillo.<br \/>\nKahvi ja tee (maito ja sokeri)<br \/>\n23,80<\/p>\n<p>Tee aamupalastasi viel\u00e4kin runsaampi<br \/>\nFrikadellit ja prinssinakit 3,80<br \/>\nNelj\u00e4n viljan puuro 2,60<br \/>\nPaistettu pekoni 3,80<\/p>\n<p><strong>KEITOT<\/strong><br \/>\nAnnoksiin sis\u00e4ltyy leiv\u00e4t ja levite<\/p>\n<p><strong>Kermaista lohisoppaa<\/strong><br \/>\nJ\u00e4\u00e4meren lohta, perunaa, sipulia, purjoa<br \/>\n17,80<\/p>\n<p><strong>Kermainen mets\u00e4sienikeitto<\/strong><br \/>\nMets\u00e4sieni\u00e4, sipulia, tilkka sherry\u00e4<br \/>\n16,30<\/p>\n<p><strong>Kermainen savuporokeitto<\/strong><br \/>\nPekonia, savuporoa, porkkanaa, perunaa<br \/>\n17,60<\/p>\n<p><strong>Jauhelihakeitto<\/strong><br \/>\nJauhelihaa, perunaa, porkkanaa, sipulia<br \/>\n14,70<\/p>\n<p><strong>Kasvissosekeitto<\/strong><br \/>\nKasviksia, peruna, sipuli, soijamaito<br \/>\n13,90<\/p>\n<p><strong>LAATIKOT<\/strong><br \/>\nAnnoksiin sis\u00e4ltyy vihersalaatti, leiv\u00e4t ja levite<\/p>\n<p>Kinkkusalamikiusaus 14,20<br \/>\nSavulohikiusaus 18,20<br \/>\nBroilerikiusaus 15,90<br \/>\nLasagne 16,70<\/p>\n<p><strong>Kasvislasagne<\/strong><br \/>\nTomaattia, kes\u00e4kurpitsaa, munakoisoa<br \/>\n13,70<\/p>\n<p><strong>Broilerilasagne 15,70<\/strong><\/p>\n<p><strong>Paavonkiusaus<\/strong><br \/>\nTosi miehen tuhti ev\u00e4s.<br \/>\nSavuporoa, pekonia, sipulia, perunaa<br \/>\n18,50<\/p>\n<p><strong>Kasviskiusaus<\/strong><br \/>\nperunaa, porkkanaa, palsternakkaa, purjoa, sipulia<br \/>\n13,00<\/p>\n<p><strong>PASTAT<\/strong><br \/>\nAnnoksiin sis\u00e4ltyy vihersalaatti, leiv\u00e4t ja levite<\/p>\n<p><strong>Broileripasta<\/strong><br \/>\nBroileria, pastaa, ananasta aurajuustoisella kastikkeella<br \/>\n16,20<\/p>\n<p><strong>Kinkkupasta<\/strong><br \/>\nKinkkua, pastaa ja kasviksia tomaattisella kastikkeella<br \/>\n16,80<\/p>\n<p><strong>Savuporo-pekonipasta<\/strong><br \/>\nSavuporoa, pekonia ja pastaa kermaisella kastikkeella<br \/>\n17,90<\/p>\n<p><strong>Kasvispasta<\/strong><br \/>\ntomaattia, paprikaa<br \/>\n13,70<\/p>\n<p><strong>RUOKAISAT SALAATIT<\/strong><br \/>\nAnnoksiin sis. leiv\u00e4t + levite<\/p>\n<p><strong>Broileri-caesarsalaatti<\/strong><br \/>\nBroilerin rintafileet\u00e4, salaatteja, tomaattia, sipulia, paprikaa,<br \/>\nviiniryp\u00e4leit\u00e4, leip\u00e4krutonkeja, talon caesarkastike<br \/>\n17,90<\/p>\n<p><strong>Savulohisalaatti<\/strong><br \/>\nPerunaa, purjoa, omenaa, savulohta, suolakurkkua, sipulia<br \/>\n17,70<\/p>\n<p><strong>Fetasalaatti<\/strong><br \/>\nVihre\u00e4\u00e4 salaattia, tomaattia, kurkkua, punasipulia, oliivia, fetaa<br \/>\n16,80<\/p>\n<p><strong>Maalaiskartanosalaatti<\/strong><br \/>\nParmankinkkua, rucolaa, vuohenjuustoa, punasipulia, kananmunaa,<br \/>\nluumutomaattia, balsamicoa<br \/>\n17,90<\/p>\n<p><strong>KOKOUSKAHVIT<\/strong><\/p>\n<p><strong>Kokouskahvi 1<\/strong><br \/>\nKahvi + talonpulla<br \/>\n6,80<\/p>\n<p><strong>Kokouskahvi 2<\/strong><br \/>\nKahvi + talon s\u00e4mpyl\u00e4<br \/>\nt\u00e4ytteen\u00e4 paahtopaistia, suolakurkkua, majoneesia<br \/>\n9,50<\/p>\n<p><strong>TUHDIT SUOLAISET<\/strong><\/p>\n<p>Talon s\u00e4mpyl\u00e4<br \/>\n(s\u00e4mpyl\u00e4 150 g)<br \/>\npaahtopaistia, suolakurkkua, majoneesia<br \/>\n8,90<\/p>\n<p>Kinkulla t\u00e4ytetty s\u00e4mpyl\u00e4 6,90<br \/>\nJuustolla t\u00e4ytetty s\u00e4mpyl\u00e4 6,90<br \/>\nAidot karjalanpiirakat (2 kpl), munavoi 6,90<br \/>\nKylm\u00e4savulohileip\u00e4 9,50<\/p>\n<p><strong>TUOTEKORIT<\/strong><\/p>\n<p>T\u00e4ydellisen illan herkkulautanen 10:lle<br \/>\nSinihomejuustoa, valkohomejuustoa, paprikakermajuustoa,<br \/>\ntuorejuustoja, keksej\u00e4, viiniryp\u00e4leit\u00e4, omenaa, suklaata, suolap\u00e4hkin\u00f6it\u00e4,<br \/>\nsipsej\u00e4 ja muita herkkuja<br \/>\n179,00<\/p>\n<p><strong>ILLALLISET<\/strong><\/p>\n<p><strong>ALKURUOAT<\/strong><\/p>\n<p>Kermainen savuporokeitto 12,80<br \/>\nKermainen mets\u00e4sienikeitto 11,50<\/p>\n<p><strong>Savolainen kalavati<\/strong><br \/>\n(tilattava v\u00e4h. 6 hl\u00f6n ryhm\u00e4lle)<br \/>\nSavulohta, savumuikkuja, graavisiikaa, m\u00e4ti\u00e4, suolakurkkua,<br \/>\nsmetanaa, sipulia, kananmunia, suolamuikkuja, kalakukkoa, rieskaa,<br \/>\noekeeta voeta<br \/>\n37,00 \/ hl\u00f6<\/p>\n<p><strong>Broilericeasar salaatti<\/strong><br \/>\nBroilerin rintafileet\u00e4, salaatteja, tomaattia, sipulia, paprikaa,<br \/>\nviiniryp\u00e4leit\u00e4, leip\u00e4krutonkeja, talon ceasarkastike<br \/>\n13,50<\/p>\n<p><strong>Fetasalaatti<\/strong><br \/>\nVihre\u00e4 salaatti, tomaatti, kurkkua, punasipulia, oliivia, fetaa<br \/>\n12,90<\/p>\n<p><strong>Maalaiskartanosalaatti<\/strong><br \/>\nParmankinkkua, rucolaa, vuohenjuustoa, punasipulia,<br \/>\nkananmunaa, luumutomaattia, balsamicoa<br \/>\n15,50<\/p>\n<p>Muikkukukko (1 kg \/ n. 10 hl\u00f6), voita 58,00<br \/>\nLanttukukko (1 kg \/ n. 10 hl\u00f6), voita 56,00<\/p>\n<p><strong>P\u00c4\u00c4RUOAT<\/strong><br \/>\nAnnoksiin sis\u00e4ltyy vihersalaatti, leiv\u00e4t ja levite<\/p>\n<p><strong>Talonh\u00e4rk\u00e4\u00e4<\/strong><br \/>\nmarinadissa muhinutta, kokonaisena paistettua h\u00e4r\u00e4n sis\u00e4fileet\u00e4,<br \/>\ntalon kastiketta, valkosipuliperunoita, kasvikset.<br \/>\nLiekitet\u00e4\u00e4n konjakilla<br \/>\n10 henkil\u00f6lle 395,00 (200 g \/ hl\u00f6), alle 10 hengen tilaus \u00e0 42,00<\/p>\n<p><strong>Pippurih\u00e4rk\u00e4\u00e4<\/strong><br \/>\nMarinadissa muhinutta, kokonaisena paistettua h\u00e4r\u00e4n<br \/>\nsis\u00e4fileet\u00e4, kantarellikastike, pekoniperunat, kasvikset<br \/>\n10:lle hengelle 415,00 (200 g \/ hl\u00f6), alle 10 hengen tilaus<br \/>\n\u00e0 43,50<\/p>\n<p><strong>Pestokuorrutettua porsaan sis\u00e4fileet\u00e4<\/strong><br \/>\npariisinperunat, l\u00e4mpim\u00e4t kasvikset, valkosipulimajoneesi<br \/>\n26,80<\/p>\n<p><strong>Grillattua pekonikanaa<\/strong><br \/>\nriisi\u00e4, grillatut kasvikset, pestomajoneesi<br \/>\n19,60<\/p>\n<p><strong>It\u00e4mainen Broileripata<\/strong><br \/>\nkookosmaito, ananas, wokkikasvikset, jasminriisi<br \/>\n23,20<\/p>\n<p><strong>Poronk\u00e4ristys<\/strong><br \/>\nmuusi, puolukkahillo, suolakurkku, ruisleip\u00e4, voi<br \/>\n39,50<\/p>\n<p><strong>Poron sis\u00e4fileet\u00e4<\/strong><br \/>\nsienimuhennos, puolukkahilloa, valkosipuliperunat, kastike<br \/>\n65,00<\/p>\n<p><strong>Pariloitua lohta<\/strong><br \/>\ntilliperunat, tartarkastike<br \/>\n33,00<\/p>\n<p>Syv\u00e4rin j\u00e4rven tuoretta kuhaa<br \/>\ntartarkastike, pariisinperunaa<br \/>\n36,50<\/p>\n<p><strong>Lihapullat ja muusi<\/strong><br \/>\nsalaatti, puolukkahillo, leiv\u00e4t, levite<br \/>\n17,80<\/p>\n<p><strong>Soijakasvispihvi<\/strong><br \/>\nSoijarouhe, kasvikset, peruna, sipuli<br \/>\n14,50<\/p>\n<p>J\u00c4LKIRUOAT<\/p>\n<p>Karpaloita ja kinuskikastiketta 7,20<br \/>\nMustikkakukko, vaniljakastikkeella.<br \/>\nPaikallinen, ruiskuoreen leivottu \u201dR\u00e4tt\u00e4n\u00e4\u201d 8,60<br \/>\nLeip\u00e4juustoa ja lakkahilloa 8,20<br \/>\nMansikkajuustokakku, New York -style, mansikkakastike 8,20<br \/>\nMangoleivos, vadelmamelba 8,20<\/p>\n<p><strong>ERIKOISILLALLISET<\/strong><br \/>\nTilattava v\u00e4hint\u00e4\u00e4n 8 hl\u00f6lle<\/p>\n<p><strong>TAHKON ILTAPALA<\/strong><br \/>\nALKUUN<br \/>\nMuikkukukkoa ja suolahein\u00e4voi<\/p>\n<p><strong>P\u00c4\u00c4RUOAKSI<\/strong><br \/>\nPoron sis\u00e4fileet\u00e4, sienimuhennos, puolukkahilloa,<br \/>\nvalkosipuliperunat, kastike<\/p>\n<p><strong>J\u00c4LKIRUOAKSI<\/strong><br \/>\nLeip\u00e4juustoa ja lakkahilloa<br \/>\n68,00 \/ hl\u00f6<\/p>\n<p><strong>SYV\u00c4RIN SAALIS<\/strong><br \/>\nALKUUN<br \/>\nMets\u00e4sienikeitto<\/p>\n<p><strong>P\u00c4\u00c4RUOAKSI<\/strong><br \/>\nPaistettua kuhaa, yrttiperunat, tartarkastike<\/p>\n<p><strong>J\u00c4LKIRUOAKSI<\/strong><br \/>\nKarpaloita ja kinuskikastiketta<br \/>\n49,00 \/ hl\u00f6<\/p>\n<p>PAAVON EHTOOLLINEN<\/p>\n<p>Kyl\u00e4n Paavo oli Saarnamies.<br \/>\nH\u00e4n eli 1800-luvulla ja ruoka koostui tuolloin luonnon antimista. Savoksi ehtoo<br \/>\ntarkoittaa iltaa ja silloin oli tapana sy\u00f6d\u00e4 hyvin, jos vain ruokaa oli. Mausteita<br \/>\noli rajallisesti, yleens\u00e4 suola oli ainut mauste. Luonnon antimet sy\u00f6tiin<br \/>\nsuoraan leiv\u00e4n p\u00e4\u00e4lt\u00e4.<\/p>\n<p>Palataan takaisin Paavon aikaan ja nautitaan ehtoollinen.<\/p>\n<p>Kokonainen ruisleip\u00e4<br \/>\nSuolahein\u00e4voita<br \/>\nGraavilohi<br \/>\nL\u00e4mminsavulohi<br \/>\nT\u00f6nkk\u00f6suolattu muikku<br \/>\nSavumuikkuja<br \/>\nTirripaisti<br \/>\nNauris\u2013 ja lanttupaistikkaat<\/p>\n<p>J\u00e4lkiruoaksi R\u00e4tt\u00e4n\u00e4 ja sumppi<br \/>\n75,00 \/ hl\u00f6<\/p>\n<p><strong>Nuotioruokailut<\/strong><\/p>\n<p><strong>Kermainen lohisoppa<\/strong><br \/>\nleiv\u00e4t ja levite<\/p>\n<p>Tikkupulla<br \/>\npaistetaan pullaa nuotiolla<\/p>\n<p>28,-<\/p>\n<p><strong>TAHKO 313 NUOTIOMENU<\/strong><br \/>\nPoronfilett\u00e4 sormipaloina<br \/>\npaahdettu ruisleip\u00e4<br \/>\nLoimutettua lohta<br \/>\nkantarellikastike<br \/>\npaahdetut juurekset<br \/>\npuikulaperunat<br \/>\nMustikkakukkoa<br \/>\nvaniljakastike<br \/>\n68,-<\/p>\n<p><strong>TAHKO 314 NUOTIOMENU<\/strong><br \/>\nBlinit<br \/>\nsavustettu kirjolohenm\u00e4ti<br \/>\nsipuli, smetana<\/p>\n<p>Poron ulkofilett\u00e4<br \/>\nkantarellikastike<br \/>\npuikulaperunat<br \/>\npaahdetut juurekset<\/p>\n<p>Leip\u00e4juustoa,<br \/>\nlakkahilloa<br \/>\n78,-<\/p>\n<p>H\u00c4\u00c4JUHLAT<br \/>\nFESTARIT<br \/>\nMUISTOTILAISUUDET<\/p>\n<p>kysy n\u00e4ist\u00e4 erillist\u00e4 tarjousta ja teemme Teille unohtumattoman tilaisuuden<\/p>\n<p><strong>TOIMITUSEHDOT<\/strong><\/p>\n<p>Kuljetusmaksu 25,00 \/ m\u00f6kki<br \/>\n(sunnuntaisin ja juhlapyhin\u00e4 50,00)<\/p>\n<p>HUOM! Toimitusmaksu Alppihotellien suite ja Luhtahome 45,00<\/p>\n<p>Minimitilaus 95,00 + kuljetus<\/p>\n<p>Tilauksen jako useampaan huoneistoon 8,00 \/ seur. huoneisto<\/p>\n<p>Pikatoimituslis\u00e4mme on 25,00 \u20ac,<br \/>\nt\u00e4m\u00e4n veloittamisesta ilmoitamme tilausta vastaan otettaessa.<\/p>\n<p>Ostospalvelumaksu 15 % ostosten arvosta (v\u00e4hint\u00e4\u00e4n 40,00)<\/p>\n<p><strong>EI ALKOHOLITUOTTEITA KAUPASTA<\/strong><\/p>\n<p>Tarjoilu (ruoan yhteydess\u00e4) 47,00 \/ tunti \/ minimiveloitus 1 h<br \/>\nsis kattauksen<\/p>\n<p>Tarjoilija \/ kokki paikalle 55,00 \/ tunti + matkakulut<br \/>\n(hinnat voimassa arkisin)<\/p>\n<p>Hinnat sis\u00e4lt\u00e4v\u00e4t alv 13,5 % (pelkk\u00e4 tarjoilu alv 25,5 %)<\/p>\n<p>Tilaukset peruttava v\u00e4hint\u00e4\u00e4n 2 vuorokautta ennen,<br \/>\nmuutoin perimme 50 % tilauksen arvosta.<\/p>\n<p>Henkil\u00f6m\u00e4\u00e4r\u00e4n muutokset 2 vrk ennen.<\/p>\n<p>ALKON tilauksen nouto (asiakkaan omalle laskulle) 47,00,<br \/>\nuseampaan kohteeseen jako tuntiveloituksena.<\/p>\n<p>Suurtoimituksissa (yli 5 koria) 3,50 \/ kori lis\u00e4maksu.<\/p>\n<p>Kaikki hinnat ovat ruokalaji \/ hl\u00f6 \/ tilaus,<br \/>\nmik\u00e4li tilataan toinen vaihtoehto samalle aterialle,<br \/>\nveloitamme siit\u00e4 1,5 kertaisen listahinnan.<\/p>\n<p><strong>Maksutavat:<\/strong><br \/>\nK\u00e4teinen ja maksukortit (sovittava etuk\u00e4teen)<br \/>\ntai<br \/>\nlaskutus, maksuehto 7 pv netto (toimistokulu 10,00)<\/p>\n<p><strong>KALUSTOA VUOKRATTAVANA<\/strong><\/p>\n<p><strong>ASTIAVUOKRAT<\/strong> (palautus pestyin\u00e4):<br \/>\nLautanen 0,80 \/ kpl<br \/>\nKahvisetti 1,40 \/ kpl<br \/>\nPikkulusikka 0,20 \/ kpl<br \/>\nAterimet 0,25 \/ kpl<br \/>\nViinilasi 0,50 \/ kpl<br \/>\nKuohuviinilasi 0,50 \/ kpl<br \/>\nKonjakki- \/ lik\u00f6\u00f6rilasi 0,50 \/ kpl<br \/>\nCocktail-pidike 0,30 \/ kpl<\/p>\n<p><strong>Vuokrattujen astioiden pesupalvelu tuntiveloituksena.<\/strong><\/p>\n<p>Soppatykin vuokra 130,00 (sis kaasupolttimen)<br \/>\nSoppatykin pesu 90,00<br \/>\nParilla 90,00<br \/>\nWokkipannu 60,00<br \/>\nMakkaragrilli 60,00<br \/>\nVIP vaunu 680,- \u2013 kysy lis\u00e4\u00e4 mahdollisuuksista<\/p>\n<p>Vuokratun kaluston nouto tapahtuu varastoltamme tai<br \/>\nsovittaessa meid\u00e4n toimittamanamme: kuljetusmaksu 0,75 \/ km<\/p>\n<p>Lis\u00e4tiedustelut ja yhteystiedot:<br \/>\nSYV\u00c4RIN S\u00c4RVIN<br \/>\n044 5454 248<br \/>\ntilaukset@syvari.com<\/p>\n<p>Tahkonravintolat.fi<\/p>\n","protected":false},"excerpt":{"rendered":"<p>Catering-palvelu Syv\u00e4rin S\u00e4rvin Pikkasen parempaa ruokaa ja palvelua, rakkaudella yli&hellip;<\/p>\n","protected":false},"author":1,"featured_media":157,"parent":0,"menu_order":0,"comment_status":"closed","ping_status":"closed","template":"","meta":{"footnotes":""},"class_list":["post-366","page","type-page","status-publish","has-post-thumbnail","hentry"],"_links":{"self":[{"href":"https:\/\/www.tahkonravintolat.fi\/index.php?rest_route=\/wp\/v2\/pages\/366","targetHints":{"allow":["GET"]}}],"collection":[{"href":"https:\/\/www.tahkonravintolat.fi\/index.php?rest_route=\/wp\/v2\/pages"}],"about":[{"href":"https:\/\/www.tahkonravintolat.fi\/index.php?rest_route=\/wp\/v2\/types\/page"}],"author":[{"embeddable":true,"href":"https:\/\/www.tahkonravintolat.fi\/index.php?rest_route=\/wp\/v2\/users\/1"}],"replies":[{"embeddable":true,"href":"https:\/\/www.tahkonravintolat.fi\/index.php?rest_route=%2Fwp%2Fv2%2Fcomments&post=366"}],"version-history":[{"count":40,"href":"https:\/\/www.tahkonravintolat.fi\/index.php?rest_route=\/wp\/v2\/pages\/366\/revisions"}],"predecessor-version":[{"id":1475,"href":"https:\/\/www.tahkonravintolat.fi\/index.php?rest_route=\/wp\/v2\/pages\/366\/revisions\/1475"}],"wp:featuredmedia":[{"embeddable":true,"href":"https:\/\/www.tahkonravintolat.fi\/index.php?rest_route=\/wp\/v2\/media\/157"}],"wp:attachment":[{"href":"https:\/\/www.tahkonravintolat.fi\/index.php?rest_route=%2Fwp%2Fv2%2Fmedia&parent=366"}],"curies":[{"name":"wp","href":"https:\/\/api.w.org\/{rel}","templated":true}]}}